{"id":841,"date":"2022-06-23T10:13:01","date_gmt":"2022-06-23T09:13:01","guid":{"rendered":"https:\/\/VillaEule.de\/?page_id=841"},"modified":"2022-06-23T10:13:01","modified_gmt":"2022-06-23T09:13:01","slug":"ausfluege-und-veranstaltungen-varel","status":"publish","type":"page","link":"https:\/\/villaeule.de\/?page_id=841","title":{"rendered":"Ausfl\u00fcge und Veranstaltungen Varel"},"content":{"rendered":"\n<p>Das&nbsp;<strong>DanGastQuellbad<\/strong>&nbsp;\u00f6ffnet&nbsp;ab Montag, 27.06.2022&nbsp;t\u00e4glich von 10.00&nbsp;bis 20.00 Uhr. Die \u00d6ffnungszeiten der&nbsp;<strong>Watt\u2019n Sauna&nbsp;<\/strong>finden Sie unter&nbsp;<a href=\"https:\/\/www.dangast.de\/sauna-dangast-nordsee.html\" target=\"_blank\" rel=\"noreferrer noopener\">https:\/\/www.dangast.de\/sauna-dangast-nordsee.html<\/a>.<\/p>\n\n\n\n<p>Alle&nbsp;<strong>Veranstaltungen&nbsp;<\/strong>(z.B. Strandanimation, Kreativkurse, Wattf\u00fchrungen etc.) in Dangast und Varel finden Sie in unserem Online-Veranstaltungskalender:&nbsp;<a href=\"https:\/\/www.dangast.de\/veranstaltungskalender.html\" target=\"_blank\" rel=\"noreferrer noopener\">https:\/\/www.dangast.de\/veranstaltungskalender.html<\/a>. Dort finden Sie auch die Information, ob eine Anmeldung erforderlich ist oder Tickets im Voraus gebucht werden k\u00f6nnen.<\/p>\n\n\n\n<p><strong>Ausflugstipps f\u00fcr Familien in Dangast<\/strong><br>-DanGastQuellbad (t\u00e4glich von 10.00&nbsp;bis 20.00 Uhr)<br>-Piratengolf (An der Rennweide, t\u00e4glich&nbsp;11.00 &#8211; 17.00&nbsp;Uhr, Di. Ruhetag, ggf. wetterabh\u00e4ngig)<br>-H\u00fcpfburg am Badestrand (Do.-So.,&nbsp;13.00 &#8211; 19.00&nbsp;Uhr, wetterabh\u00e4ngig)<br>-Spielplatz \u201eWattbuttjer\u201c (neben dem Quellbad), bei schlechtem Wetter: Spielraum &#8222;Watt\u2019n Jolle\u201c im Weltnaturerbeportal (f\u00fcr Kinder bis ca. 8 Jahren, t\u00e4glich&nbsp;10.00 &#8211; 20.00&nbsp;Uhr)<br>-Ausflug mit der MS Jantje von Dangast (Fahrplan unter&nbsp;<a href=\"https:\/\/www.jantjevondangast.de\/\" target=\"_blank\" rel=\"noreferrer noopener\">https:\/\/www.jantjevondangast.de<\/a>)<br>-Nationalparkhaus Dangast (Di.- Fr.,&nbsp;10.00 &#8211; 12.00&nbsp;Uhr &amp;&nbsp;14.00 &#8211; 18.00&nbsp;Uhr, Sa. &amp; So.,&nbsp;14.00 &#8211; 18.00&nbsp;Uhr)<br>-Boule-Platz (Am Alten Deich\/Saphuser Stra\u00dfe, Kugeln k\u00f6nnen an der Tourist-Info gegen Pfand ausgeliehen werden)<\/p>\n\n\n\n<p><strong>Ausflugstipps f\u00fcr Familien in Varel und umzu<\/strong>&nbsp;(Umkreis von ca. 15 bis 30 km)<br>-Vareler Windm\u00fchle (Mi.,&nbsp;10.00 &#8211; 12.00&nbsp;Uhr, Sa. &amp; So.&nbsp;10.00 &#8211; 16.00&nbsp;Uhr)<br>-Kuriosit\u00e4tenmuseum Spij\u00f6\u00f6k am Vareler Hafen (Tel.&nbsp;04451 83560, f\u00fcr Kinder ab ca. 10 Jahren)<br>-Escape Room Varel (<a href=\"https:\/\/teamescape.com\/varel\/\" target=\"_blank\" rel=\"noreferrer noopener\">https:\/\/teamescape.com\/varel\/<\/a>)<br>-Watt\u2019n Strike Bowling und Billard Center in Varel (<a href=\"https:\/\/www.wattn-strike.de\/\" target=\"_blank\" rel=\"noreferrer noopener\">https:\/\/www.wattn-strike.de<\/a>)<br>-Freibad am B\u00e4ker (freier Eintritt, \u00d6ffnungszeiten unter&nbsp;<a href=\"https:\/\/www.xn--vareler-bder-ocb.de\/freibad\/%C3%B6ffnungszeiten-veranstaltungen\/\" target=\"_blank\" rel=\"noreferrer noopener\">https:\/\/www.vareler-b\u00e4der.de\/freibad\/\u00f6ffnungszeiten-veranstaltungen\/<\/a>)<br>-Kletterwald und Fu\u00dfballgolf Conneforde (<a href=\"https:\/\/www.buhl-activity-parks.de\/parks\/wiefelstede-conneforde.html\" target=\"_blank\" rel=\"noreferrer noopener\">https:\/\/www.buhl-activity-parks.de\/parks\/wiefelstede-conneforde.html<\/a>)<br>-Beachclub Nethen (u.a. Wasserski und SUP,&nbsp;<a href=\"https:\/\/beachclub-nethen.de\/\" target=\"_blank\" rel=\"noreferrer noopener\">https:\/\/beachclub-nethen.de<\/a>)<br>-Landerlebnis Westerstede (<a href=\"https:\/\/www.landerlebnis.de\/\" target=\"_blank\" rel=\"noreferrer noopener\">https:\/\/www.landerlebnis.de<\/a>)&nbsp;<br>-Musuem Kaskade in Diekmannshausen (<a href=\"https:\/\/www.oowv.de\/wissen\/lehrpfade-und-infostandorte\/informationseinrichtungen\/museum-kaskade-in-diekmannshausen\/\" target=\"_blank\" rel=\"noreferrer noopener\">https:\/\/www.oowv.de\/wissen\/lehrpfade-und-infostandorte\/informationseinrichtungen\/museum-kaskade-in-diekmannshausen\/<\/a>)<br>-Kanu fahren auf der Jade (<a href=\"https:\/\/mailto:Info@kanu-jade.de\/\" target=\"_blank\" rel=\"noreferrer noopener\">Info@kanu-jade.de<\/a>,&nbsp;04451 96 11 237&nbsp;o.&nbsp;0173 599 22 22)<br>-Jaderpark (Jaderberg, Tier- und Freizeitpark,&nbsp;<a href=\"https:\/\/www.jaderpark.de\/start.html\" target=\"_blank\" rel=\"noreferrer noopener\">https:\/\/www.jaderpark.de\/start.html<\/a>)<\/p>\n\n\n\n<p>Viele weitere Ausflugstipps finden Sie u.a. hier:&nbsp;<a href=\"https:\/\/www.ostfriesland.travel\/urlaubsthemen\/familienurlaub\" target=\"_blank\" rel=\"noreferrer noopener\">https:\/\/www.ostfriesland.travel\/urlaubsthemen\/familienurlaub<\/a><\/p>\n","protected":false},"excerpt":{"rendered":"<p>Das&nbsp;DanGastQuellbad&nbsp;\u00f6ffnet&nbsp;ab Montag, 27.06.2022&nbsp;t\u00e4glich von 10.00&nbsp;bis 20.00 Uhr. Die \u00d6ffnungszeiten der&nbsp;Watt\u2019n Sauna&nbsp;finden Sie unter&nbsp;https:\/\/www.dangast.de\/sauna-dangast-nordsee.html. Alle&nbsp;Veranstaltungen&nbsp;(z.B. Strandanimation, Kreativkurse, Wattf\u00fchrungen etc.) in Dangast und Varel finden Sie in unserem Online-Veranstaltungskalender:&nbsp;https:\/\/www.dangast.de\/veranstaltungskalender.html. Dort finden Sie auch die Information, ob eine Anmeldung erforderlich ist oder Tickets <a href=\"https:\/\/villaeule.de\/?page_id=841\" class=\"read-more\">Weiterlesen<\/a><\/p>\n","protected":false},"author":1,"featured_media":0,"parent":0,"menu_order":0,"comment_status":"closed","ping_status":"closed","template":"","meta":{"footnotes":""},"class_list":["post-841","page","type-page","status-publish","hentry"],"_links":{"self":[{"href":"https:\/\/villaeule.de\/index.php?rest_route=\/wp\/v2\/pages\/841","targetHints":{"allow":["GET"]}}],"collection":[{"href":"https:\/\/villaeule.de\/index.php?rest_route=\/wp\/v2\/pages"}],"about":[{"href":"https:\/\/villaeule.de\/index.php?rest_route=\/wp\/v2\/types\/page"}],"author":[{"embeddable":true,"href":"https:\/\/villaeule.de\/index.php?rest_route=\/wp\/v2\/users\/1"}],"replies":[{"embeddable":true,"href":"https:\/\/villaeule.de\/index.php?rest_route=%2Fwp%2Fv2%2Fcomments&post=841"}],"version-history":[{"count":1,"href":"https:\/\/villaeule.de\/index.php?rest_route=\/wp\/v2\/pages\/841\/revisions"}],"predecessor-version":[{"id":842,"href":"https:\/\/villaeule.de\/index.php?rest_route=\/wp\/v2\/pages\/841\/revisions\/842"}],"wp:attachment":[{"href":"https:\/\/villaeule.de\/index.php?rest_route=%2Fwp%2Fv2%2Fmedia&parent=841"}],"curies":[{"name":"wp","href":"https:\/\/api.w.org\/{rel}","templated":true}]}}