{"id":615,"date":"2021-02-22T01:03:07","date_gmt":"2021-02-22T00:03:07","guid":{"rendered":"https:\/\/VillaEule.de\/?page_id=615"},"modified":"2021-02-26T00:37:13","modified_gmt":"2021-02-25T23:37:13","slug":"villa-eule-ausstattung","status":"publish","type":"page","link":"https:\/\/villaeule.de\/?page_id=615","title":{"rendered":"Villa Eule &#8211; Ausstattung"},"content":{"rendered":"\n<p>Eklusive Apartments<\/p>\n\n\nFoto 334 existiert nicht\n\n\n\n<p>Moin, wie man hier in Friesland so sch\u00f6n sagt.<\/p>\n\n\n\n<p>Unsere Apartments bieten nicht nur alles, was das Herz begehrt, sondern liegen im Landkreis Friesland, in der Stadt Varel, unmittelbar an einem Wanderweg, angrenzend an Feldern und Wiesen, und nur etwa 3 Kilometer entfernt zum Jadebusen und Nordsee. Das Zentrum mit Fu\u00dfg\u00e4ngerzone ist ca. 800 m entfernt.<\/p>\n\n\n\n<p>Da unser Haus am Ende einer Sackgasse in einer Spielstra\u00dfe liegt, versteht sich absolut entspannte Ruhe von selbst.<\/p>\n\n\n\n<p>Ausschlafen w\u00e4re f\u00fcr Sie also kein Thema.<\/p>\n\n\n\n<p>Unsere sehr exklusiven Apartments befinden sich im Obergeschoss von unserem Haupthaus und Nebengeb\u00e4ude.<br>In unseren modernen und voll ausgestatteten Apartments sollen Sie Ihre Urlaubstage bzw. Ihren Aufenthalt genie\u00dfen k\u00f6nnen.<\/p>\n\n\n\n<p>Kurzbeschreibung:<br><br>\u2013 Apartment Idylle ist mit ca. 70 m\u00b2 f\u00fcr 4 Personen eingerichtet, hat einen offenen Wohn- und Essbereich mit K\u00fcche, 1 Elternschlafzimmer, 1 Schlafzimmer mit 2 Einzelbetten\/bzw. 1 Doppelbett, ein eigenes Bad und einen gro\u00dfen Balkon. Dieses Apartment ist als Einliegerwohnung mit einem separaten Eingang im Obergeschoss unseres Nebengeb\u00e4udes eingerichtet.<br><br>\u2013 Apartment Romantik ist mit ca. 45 m\u00b2 unsere kleinste Wohnung im Haupthaus und ist f\u00fcr 2 Personen eingerichtet, hat einen kombinierten Wohn- und Schlafraum mit einem Doppelbett, eine Wohnk\u00fcche und ein eigenes Bad. Einen Balkon k\u00f6nnen wir Ihnen hier leider nicht bieten.<br>Auf derselben Ebene und auch im Haupthaus befindet sich au\u00dferdem das<br><br>\u2013 Apartment Harmonie. Diese Wohnung ist mit ca. 80 m\u00b2 f\u00fcr 6 Personen eingerichtet, hat ein Wohnzimmer, eine K\u00fcche, 1 Elternschlafzimmer mit Doppelbett, 1 weiteres Schlafzimmer mit einem Doppelbett und 2 Einzelbetten, ein eigenes Bad und einen gro\u00dfen Balkon.<\/p>\n\n\n\n<p>Nat\u00fcrlich haben wir auch eine separate Terrasse bzw. Grillplatz f\u00fcr Sie angelegt. Hier k\u00f6nnen Sie die Ruhe und die Natur genie\u00dfen.<\/p>\n\n\n\n<p>Privatsph\u00e4re f\u00fcr unsere G\u00e4ste ist uns sehr wichtig. Ebenso halten wir es auch mit der Sauberkeit unserer Wohnungen.<\/p>\n\n\n\n<p>An Schlafm\u00f6glichkeiten bieten wir Ihnen in unseren Apartments Platz <br>f\u00fcr 1 bis 12 Personen.<\/p>\n\n\n\n<p>Ausgestattet sind unsere Apartments Idylle und Harmonie mit Waschmaschine und W\u00e4schetrockner, sowie Gartenm\u00f6beln mit Auflagen auf den Balkonen und der Terrasse bzw. dem Grillplatz.<br>Eine Waschmaschine geh\u00f6rt auch zur Ausstattung des Apartments Romantik.<br>Kinderbett(en) und ein Hochstuhl k\u00f6nnen Ihnen f\u00fcr Ihre Kleinen selbstverst\u00e4ndlich auch zur Verf\u00fcgung gestellt werden.<\/p>\n\n\n\n<p>Bettw\u00e4sche und Handt\u00fccher sind im Preis bei uns inbegriffen. Telefon und Wifi \/ Gast-WLAN wird von uns ebenfalls zur Verf\u00fcgung gestellt.<\/p>\n\n\n\n<p>Als weitere Annehmlichkeiten sind bei uns in Varel viele Liefer- und Bring-Services hinsichtlich Ihrer Versorgung, falls die K\u00fcche doch einmal kalt bleiben soll. &#x1f609; Informationen hierzu finden Sie bei Ihrer Ankunft nat\u00fcrlich bereitliegend in Ihrem Urlaubsdomizil bei uns.<\/p>\n\n\n\n<p>Fahrr\u00e4der, Quads und Motorr\u00e4der k\u00f6nnen auf unserem Grundst\u00fcck abgestellt oder kosteng\u00fcnstig verschlossen untergestellt werden.<br>Zu jedem Apartment geh\u00f6rt zudem ein Parkplatz direkt am Haus.<\/p>\n\n\n\n<p>Sie haben einen Hund? Auch dieser ist bei uns herzlich Willkommen. Nur m\u00f6chten wir vorher gefragt werden, weil wir selbst zwei Hunde haben und je Apartment nur einen Hund dulden k\u00f6nnen, wenn er mindestens 1 Jahr alt und stubenrein ist.<\/p>\n\n\n\n<p>Zur weiteren Ausstattung unseres Apartments stehen Ihnen, neben einer gut ausgestatteten Einbauk\u00fcche, einem Bad mit WC (Idylle mit Badewanne\/Harmonie und Romantik mit Dusche), nat\u00fcrlich (wie zuvor schon erw\u00e4hnt) auch Waschmaschine, W\u00e4schetrockner (Romantik jedoch nicht), TV, Musikanlage (NUR ACDC), WLAN und Telefon, zur Verf\u00fcgung. Mit Drucker und Fax sind wir Ihnen bei Bedarf gern behilflich.<br>Bettdecken, Kopfkissen, Matratzenbez\u00fcge und Matratzenschoner, werden bei uns in kurzen Abst\u00e4nden gewaschen! In Puncto Hygiene m\u00f6chten wir an dieser Stelle nicht unerw\u00e4hnt lassen, dass die Apartments regelm\u00e4\u00dfig mit einem Ozongenerator behandelt werden.   <\/p>\n\n\n\n<p>Planen Sie einen l\u00e4ngeren Aufenthalt bei uns, werden Sie bestimmt auch einmal Einblicke in unsere ganz private und urgem\u00fctliche Harley-Werkstatt bekommen.<br>Sie haben noch Fragen? Alles werden wir hier kaum beantwortet haben. Aber kein Problem. Rufen Sie uns einfach an oder schreiben Sie uns Ihr Anliegen per Email \u00fcber das Kontaktformular oder buchen Sie gleich direkt.<\/p>\n\n\n\n<p>Sie erhalten recht schnell eine Antwort.<\/p>\n\n\n\n<p>Bis dahin, Eure Sylke &amp; Peter Fladung<br>Tel. 0172\/5959500<\/p>\n","protected":false},"excerpt":{"rendered":"<p>Eklusive Apartments Moin, wie man hier in Friesland so sch\u00f6n sagt. Unsere Apartments bieten nicht nur alles, was das Herz begehrt, sondern liegen im Landkreis Friesland, in der Stadt Varel, unmittelbar an einem Wanderweg, angrenzend an Feldern und Wiesen, und <a href=\"https:\/\/villaeule.de\/?page_id=615\" class=\"read-more\">Weiterlesen<\/a><\/p>\n","protected":false},"author":1,"featured_media":0,"parent":0,"menu_order":0,"comment_status":"closed","ping_status":"closed","template":"","meta":{"footnotes":""},"class_list":["post-615","page","type-page","status-publish","hentry"],"_links":{"self":[{"href":"https:\/\/villaeule.de\/index.php?rest_route=\/wp\/v2\/pages\/615","targetHints":{"allow":["GET"]}}],"collection":[{"href":"https:\/\/villaeule.de\/index.php?rest_route=\/wp\/v2\/pages"}],"about":[{"href":"https:\/\/villaeule.de\/index.php?rest_route=\/wp\/v2\/types\/page"}],"author":[{"embeddable":true,"href":"https:\/\/villaeule.de\/index.php?rest_route=\/wp\/v2\/users\/1"}],"replies":[{"embeddable":true,"href":"https:\/\/villaeule.de\/index.php?rest_route=%2Fwp%2Fv2%2Fcomments&post=615"}],"version-history":[{"count":3,"href":"https:\/\/villaeule.de\/index.php?rest_route=\/wp\/v2\/pages\/615\/revisions"}],"predecessor-version":[{"id":765,"href":"https:\/\/villaeule.de\/index.php?rest_route=\/wp\/v2\/pages\/615\/revisions\/765"}],"wp:attachment":[{"href":"https:\/\/villaeule.de\/index.php?rest_route=%2Fwp%2Fv2%2Fmedia&parent=615"}],"curies":[{"name":"wp","href":"https:\/\/api.w.org\/{rel}","templated":true}]}}