{"id":51,"date":"2018-01-02T16:41:37","date_gmt":"2018-01-02T15:41:37","guid":{"rendered":"https:\/\/VillaEule.de\/?page_id=51"},"modified":"2024-08-09T11:19:20","modified_gmt":"2024-08-09T10:19:20","slug":"geschichte-villa-eule","status":"publish","type":"page","link":"https:\/\/villaeule.de\/?page_id=51","title":{"rendered":"Geschichte Villa-Eule"},"content":{"rendered":"<p>Moin liebe Besucher unserer Web-Site.<\/p>\n<p>Wir, dass sind Sylke und Peter, haben dieses Haus mit viel Liebe zum Detail gezeichnet, geplant, gebaut und ausgestattet.<\/p>\n<p>Nachdem unsere Drillinge uns allein gelassen haben und in die weite Welt hinaus gegangen sind, setzten wir unseren Plan B um.<\/p>\n<p>Das Resultat kann sich sehen lassen, sind alle bisherigen Besucher und wir der Meinung.<\/p>\n<p>Drei gut ausgestattete und liebevoll eingerichtete Apartments laden zu gem\u00fctlicher und erholsamer Ruhe ein.<\/p>\n<p>Ferieng\u00e4ste, Saisonkr\u00e4fte und Monteure sollen sich ebenso wohl und zuhause f\u00fchlen, wie auch unsere Kinder mit ihren Partnern, wenn es sie zu besonderen Anl\u00e4ssen oder einfach nur so wieder zur\u00fcck zu Mama, Papa, Freunde, Verwandte und Nordsee zieht.<\/p>\n<p>Wie zu erwarten, ist dies recht h\u00e4ufig der Fall.<\/p>\n<p>Seht Euch auf unseren Seiten ein wenig um und schreibt uns gern eine Nachricht, kommentiert unsere Bilder, hinterla\u00dft einen Eintrag und Gr\u00fc\u00dfe oder ruft uns auch gern an.<\/p>\n<p>Wir freuen uns.<\/p>\n<p>Herzliche Gr\u00fc\u00dfe,<br \/>\nSylke &amp; Peter<\/p>\n","protected":false},"excerpt":{"rendered":"<p>Moin liebe Besucher unserer Web-Site. Wir, dass sind Sylke und Peter, haben dieses Haus mit viel Liebe zum Detail gezeichnet, geplant, gebaut und ausgestattet. Nachdem unsere Drillinge uns allein gelassen haben und in die weite Welt hinaus gegangen sind, setzten <a href=\"https:\/\/villaeule.de\/?page_id=51\" class=\"read-more\">Weiterlesen<\/a><\/p>\n","protected":false},"author":1,"featured_media":0,"parent":0,"menu_order":1,"comment_status":"closed","ping_status":"closed","template":"","meta":{"footnotes":""},"class_list":["post-51","page","type-page","status-publish","hentry"],"_links":{"self":[{"href":"https:\/\/villaeule.de\/index.php?rest_route=\/wp\/v2\/pages\/51","targetHints":{"allow":["GET"]}}],"collection":[{"href":"https:\/\/villaeule.de\/index.php?rest_route=\/wp\/v2\/pages"}],"about":[{"href":"https:\/\/villaeule.de\/index.php?rest_route=\/wp\/v2\/types\/page"}],"author":[{"embeddable":true,"href":"https:\/\/villaeule.de\/index.php?rest_route=\/wp\/v2\/users\/1"}],"replies":[{"embeddable":true,"href":"https:\/\/villaeule.de\/index.php?rest_route=%2Fwp%2Fv2%2Fcomments&post=51"}],"version-history":[{"count":7,"href":"https:\/\/villaeule.de\/index.php?rest_route=\/wp\/v2\/pages\/51\/revisions"}],"predecessor-version":[{"id":629,"href":"https:\/\/villaeule.de\/index.php?rest_route=\/wp\/v2\/pages\/51\/revisions\/629"}],"wp:attachment":[{"href":"https:\/\/villaeule.de\/index.php?rest_route=%2Fwp%2Fv2%2Fmedia&parent=51"}],"curies":[{"name":"wp","href":"https:\/\/api.w.org\/{rel}","templated":true}]}}