{"id":488,"date":"2021-02-16T23:33:16","date_gmt":"2021-02-16T22:33:16","guid":{"rendered":"https:\/\/VillaEule.de\/?page_id=488"},"modified":"2021-02-26T22:57:01","modified_gmt":"2021-02-26T21:57:01","slug":"direkt-buchung-test","status":"publish","type":"page","link":"https:\/\/villaeule.de\/?page_id=488","title":{"rendered":"Direkt Buchung"},"content":{"rendered":"\n<p><\/p>\n\n\n\n\t<!-- Advanced Booking Calendar Booking Form - https:\/\/booking-calendar-plugin.com -->\n\t\n\t<div id=\"abc-form-wrapper\">\n\t\t<img decoding=\"async\" alt=\"Lade...\" src=\"https:\/\/villaeule.de\/wp-admin\/images\/wpspin_light.gif\" align=\"middle\" class=\"waiting\" id=\"abc_bookinform_loading\" style=\"display:none\" \/>\n\t\t<div id=\"abc-form-content\">\n\t\t\t<div class=\"abc-column\">\n\t\t\t\t<form class=\"abc-form\"  method=\"post\">\n\t\t\t\t\t<label for=\"abc-from\">Anreise bitte nicht vor 15:00 Uhr<\/label>\n\t\t\t\t\t<div class=\"abc-input-fa\">\n\t\t\t\t\t\t<span class=\"fa fa-calendar\"><\/span>\n\t\t\t\t\t\t<input id=\"abc-from\" name=\"abc-from\" class=\"abc-from\" readonly=\"true\" value=\"\">\n\t\t\t\t\t<\/div>\n\t\t\t\t\t<label for=\"abc-to\">Abreise sp\u00e4testens bis 10:00 Uhr<\/label>\n\t\t\t\t\t<div class=\"abc-input-fa\">\n\t\t\t\t\t\t<span class=\"fa fa-calendar\"><\/span>\n\t\t\t\t\t\t<input id=\"abc-to\" name=\"abc-to\" class=\"abc-to\" readonly=\"true\" value=\"\">\n\t\t\t\t\t<\/div>\n\t\t\t<\/div>\n\t\t\t<div class=\"abc-column abc-form\">\n\t\t\t\t\t<label for=\"abc-persons\">Personen<\/label>\n\t\t\t\t\t\t<div class=\"abc-input-fa\">\n\t\t\t\t\t\t\t<span class=\"fa fa-female abc-guest1\"><\/span>\n\t\t\t\t\t\t\t<span class=\"fa fa-male abc-guest2\"><\/span>\n\t\t\t\t\t\t\t<select id=\"abc-persons\" name=\"abc-persons\">\n\t\t\t\t\t\t\t\t<option value=\"1\" selected>1<\/option><option value=\"2\">2<\/option><option value=\"3\">3<\/option><option value=\"4\">4<\/option><option value=\"5\">5<\/option><option value=\"6\">6<\/option><option value=\"7\">7<\/option><option value=\"8\">8<\/option><option value=\"9\">9<\/option><option value=\"10\">10<\/option><option value=\"11\">11<\/option><option value=\"12\">12<\/option>\n\t\t\t\t\t\t\t<\/select>\n\t\t\t\t\t\t<\/div>\n\t\t\t\t\t<input id=\"abcPostTrigger\" type=\"hidden\" name=\"abcPostTrigger\" value=\"0\">\n\t\t\t\t\t<input id=\"abcPostCalendarId\" type=\"hidden\" name=\"abcPostCalendarId\" value=\"\">\n\t\t\t\t<\/form>\n\t\t\t<\/div>\n\t\t\t<div class=\"abc-form-row\">\n\t\t\t\t<button class=\"abc-submit\" id=\"abc-check-availabilities\"><span id=\"abc-submit-button\" class=\"abc-submit-text\">Verf\u00fcgbarkeiten pr\u00fcfen<\/span><span class=\"abc-submit-loading\" >Lade...<\/span><\/button>\n\t\t\t\t<button class=\"abc-submit\" id=\"abc-back-to-availabilities\" style=\"display: none;\"><span class=\"abc-submit-text\">Bearbeiten<\/span><\/button>\n\t\t\t<\/div>\n\t\t\t\t\t\t\n\t\t\t<div id=\"abc-bookingresults\"><\/div>\n\t\t<\/div>\n\t<\/div>\n\t\t\n\n\n\n<p class=\"has-text-align-left\">Ein Mietvertrag kommt hier erst zustande, wenn Ihr unsere Buchungsbest\u00e4tigung erhalten und Ihr Eure Anzahlung geleistet habt. Selbstverst\u00e4ndlich wird das gew\u00e4hlte Apartment in der Zwischenzeit f\u00fcr Euch reserviert.<br><br>Das &#8222;Kleingedrucke&#8220; in der Email unserer Buchungsbest\u00e4tigung bitte auch beachten.<\/p>\n\n\n\n<p class=\"has-vivid-red-color has-text-color\"><\/p>\n","protected":false},"excerpt":{"rendered":"<p>Ein Mietvertrag kommt hier erst zustande, wenn Ihr unsere Buchungsbest\u00e4tigung erhalten und Ihr Eure Anzahlung geleistet habt. Selbstverst\u00e4ndlich wird das gew\u00e4hlte Apartment in der Zwischenzeit f\u00fcr Euch reserviert. Das &#8222;Kleingedrucke&#8220; in der Email unserer Buchungsbest\u00e4tigung bitte auch beachten.<\/p>\n","protected":false},"author":1,"featured_media":0,"parent":0,"menu_order":0,"comment_status":"closed","ping_status":"closed","template":"","meta":{"footnotes":""},"class_list":["post-488","page","type-page","status-publish","hentry"],"_links":{"self":[{"href":"https:\/\/villaeule.de\/index.php?rest_route=\/wp\/v2\/pages\/488","targetHints":{"allow":["GET"]}}],"collection":[{"href":"https:\/\/villaeule.de\/index.php?rest_route=\/wp\/v2\/pages"}],"about":[{"href":"https:\/\/villaeule.de\/index.php?rest_route=\/wp\/v2\/types\/page"}],"author":[{"embeddable":true,"href":"https:\/\/villaeule.de\/index.php?rest_route=\/wp\/v2\/users\/1"}],"replies":[{"embeddable":true,"href":"https:\/\/villaeule.de\/index.php?rest_route=%2Fwp%2Fv2%2Fcomments&post=488"}],"version-history":[{"count":9,"href":"https:\/\/villaeule.de\/index.php?rest_route=\/wp\/v2\/pages\/488\/revisions"}],"predecessor-version":[{"id":780,"href":"https:\/\/villaeule.de\/index.php?rest_route=\/wp\/v2\/pages\/488\/revisions\/780"}],"wp:attachment":[{"href":"https:\/\/villaeule.de\/index.php?rest_route=%2Fwp%2Fv2%2Fmedia&parent=488"}],"curies":[{"name":"wp","href":"https:\/\/api.w.org\/{rel}","templated":true}]}}