{"id":423,"date":"2018-01-11T01:00:33","date_gmt":"2018-01-11T00:00:33","guid":{"rendered":"https:\/\/VillaEule.de\/?page_id=423"},"modified":"2018-02-05T15:00:16","modified_gmt":"2018-02-05T14:00:16","slug":"inhaltsverzeichnis","status":"publish","type":"page","link":"https:\/\/villaeule.de\/?page_id=423","title":{"rendered":"Inhaltsverzeichnis:"},"content":{"rendered":"<ul class=\"sub-menu\">\n<li class=\"menu-item menu-item-type-custom menu-item-object-custom menu-item-399\"><a href=\"http:\/\/www.VillaEule.de\">Startseite<\/a><\/li>\n<li class=\"menu-item menu-item-type-post_type menu-item-object-page menu-item-home menu-item-437\"><a href=\"https:\/\/villaeule.de\/\">Herzlich Willkommen in der Villa Eule<\/a><\/li>\n<li class=\"menu-item menu-item-type-post_type menu-item-object-page menu-item-395\"><a href=\"https:\/\/villaeule.de\/?page_id=104\">Kurzinfo<\/a><\/li>\n<li class=\"menu-item menu-item-type-post_type menu-item-object-page menu-item-441\"><a href=\"https:\/\/villaeule.de\/?page_id=51\">Geschichte Villa-Eule<\/a><\/li>\n<li class=\"menu-item menu-item-type-post_type menu-item-object-page menu-item-440\"><a href=\"https:\/\/villaeule.de\/?page_id=63\">Datenschutzerkl\u00e4rung<\/a><\/li>\n<li class=\"menu-item menu-item-type-post_type menu-item-object-page menu-item-439\"><a href=\"https:\/\/villaeule.de\/?page_id=57\">Disclaimer<\/a><\/li>\n<li class=\"menu-item menu-item-type-post_type menu-item-object-page menu-item-438\"><a href=\"https:\/\/villaeule.de\/?page_id=60\">Impressum<\/a><\/li>\n<li class=\"menu-item menu-item-type-post_type menu-item-object-page menu-item-396\"><a href=\"https:\/\/villaeule.de\/?page_id=74\">Norddeutsch f\u00fcr Anf\u00e4nger<\/a><\/li>\n<li class=\"menu-item menu-item-type-custom menu-item-object-custom menu-item-419\"><a href=\"https:\/\/www.booking.com\/hotel\/de\/ferienwohnung-in-der-villa-eule.de.html?aid=1258472&amp;dest_id=-1879181&amp;dest_type=city&amp;group_adults=2&amp;label=Share-Atxa08%401506638373&amp;room1=A%2CA\" target=\"_blank\" rel=\"noopener\">Wir bei Booking<\/a><\/li>\n<li class=\"menu-item menu-item-type-custom menu-item-object-custom menu-item-455\"><a href=\"https:\/\/www.booking.com\/hotel\/de\/ferienwohnung-in-der-villa-eule.de.html?label=gen173nr-1BCAsoO0IfZmVyaWVud29obnVuZy1pbi1kZXItdmlsbGEtZXVsZUgzWARoO4gBAZgBB8IBA2FibsgBD9gBAegBAZICAXmoAgQ;sid=aa2d6adf6eb2e68e62e1ff9b197fb90d;dist=0&amp;sb_price_type=total&amp;type=total&amp;#tab-reviews\" target=\"_blank\" rel=\"noopener\">Unsere Bewertungen bei Booking<\/a><\/li>\n<\/ul>\n","protected":false},"excerpt":{"rendered":"<p>Startseite Herzlich Willkommen in der Villa Eule Kurzinfo Geschichte Villa-Eule Datenschutzerkl\u00e4rung Disclaimer Impressum Norddeutsch f\u00fcr Anf\u00e4nger Wir bei Booking Unsere Bewertungen bei Booking<\/p>\n","protected":false},"author":1,"featured_media":0,"parent":0,"menu_order":0,"comment_status":"closed","ping_status":"closed","template":"","meta":{"footnotes":""},"class_list":["post-423","page","type-page","status-publish","hentry"],"_links":{"self":[{"href":"https:\/\/villaeule.de\/index.php?rest_route=\/wp\/v2\/pages\/423","targetHints":{"allow":["GET"]}}],"collection":[{"href":"https:\/\/villaeule.de\/index.php?rest_route=\/wp\/v2\/pages"}],"about":[{"href":"https:\/\/villaeule.de\/index.php?rest_route=\/wp\/v2\/types\/page"}],"author":[{"embeddable":true,"href":"https:\/\/villaeule.de\/index.php?rest_route=\/wp\/v2\/users\/1"}],"replies":[{"embeddable":true,"href":"https:\/\/villaeule.de\/index.php?rest_route=%2Fwp%2Fv2%2Fcomments&post=423"}],"version-history":[{"count":4,"href":"https:\/\/villaeule.de\/index.php?rest_route=\/wp\/v2\/pages\/423\/revisions"}],"predecessor-version":[{"id":478,"href":"https:\/\/villaeule.de\/index.php?rest_route=\/wp\/v2\/pages\/423\/revisions\/478"}],"wp:attachment":[{"href":"https:\/\/villaeule.de\/index.php?rest_route=%2Fwp%2Fv2%2Fmedia&parent=423"}],"curies":[{"name":"wp","href":"https:\/\/api.w.org\/{rel}","templated":true}]}}